{"id":456,"date":"2023-03-28T08:26:23","date_gmt":"2023-03-28T11:26:23","guid":{"rendered":"https:\/\/imunova.actionlabs.com.br\/?page_id=456"},"modified":"2023-04-11T14:59:47","modified_gmt":"2023-04-11T17:59:47","slug":"pesquisa-e-desenvolvimento","status":"publish","type":"page","link":"https:\/\/imunova.actionlabs.com.br\/en\/pesquisa-e-desenvolvimento\/","title":{"rendered":"Pesquisa e Desenvolvimento"},"content":{"rendered":"<div data-elementor-type=\"wp-page\" data-elementor-id=\"456\" class=\"elementor elementor-456\">\n\t\t\t\t\t\t<div class=\"elementor-inner\">\n\t\t\t\t<div class=\"elementor-section-wrap\">\n\t\t\t\t\t\t\t\t\t<section class=\"elementor-section elementor-top-section elementor-element elementor-element-1a6dce4 elementor-section-content-middle elementor-section-full_width elementor-section-height-default elementor-section-height-default\" data-id=\"1a6dce4\" data-element_type=\"section\" data-settings=\"{&quot;background_background&quot;:&quot;classic&quot;}\">\n\t\t\t\t\t\t\t<div class=\"elementor-background-overlay\"><\/div>\n\t\t\t\t\t\t\t<div class=\"elementor-container elementor-column-gap-no\">\n\t\t\t\t\t\t\t<div class=\"elementor-row\">\n\t\t\t\t\t<div class=\"elementor-column elementor-col-100 elementor-top-column elementor-element elementor-element-81f3cef\" data-id=\"81f3cef\" data-element_type=\"column\">\n\t\t\t<div class=\"elementor-column-wrap elementor-element-populated\">\n\t\t\t\t\t\t\t<div class=\"elementor-widget-wrap\">\n\t\t\t\t\t\t<section class=\"elementor-section elementor-inner-section elementor-element elementor-element-6ca6a7e elementor-section-boxed elementor-section-height-default elementor-section-height-default\" data-id=\"6ca6a7e\" data-element_type=\"section\">\n\t\t\t\t\t\t<div class=\"elementor-container elementor-column-gap-default\">\n\t\t\t\t\t\t\t<div class=\"elementor-row\">\n\t\t\t\t\t<div class=\"elementor-column elementor-col-100 elementor-inner-column elementor-element elementor-element-d32b247\" data-id=\"d32b247\" data-element_type=\"column\">\n\t\t\t<div class=\"elementor-column-wrap elementor-element-populated\">\n\t\t\t\t\t\t\t<div class=\"elementor-widget-wrap\">\n\t\t\t\t\t\t<div class=\"elementor-element elementor-element-689ef1a elementor-widget elementor-widget-theme-post-title elementor-page-title elementor-widget-heading\" data-id=\"689ef1a\" data-element_type=\"widget\" data-widget_type=\"theme-post-title.default\">\n\t\t\t\t<div class=\"elementor-widget-container\">\n\t\t\t<h1 class=\"elementor-heading-title elementor-size-default\">Pesquisa e Desenvolvimento<\/h1>\t\t<\/div>\n\t\t\t\t<\/div>\n\t\t\t\t\t\t<\/div>\n\t\t\t\t\t<\/div>\n\t\t<\/div>\n\t\t\t\t\t\t\t\t<\/div>\n\t\t\t\t\t<\/div>\n\t\t<\/section>\n\t\t\t\t<div class=\"elementor-element elementor-element-e590c4b elementor-widget elementor-widget-spacer\" data-id=\"e590c4b\" data-element_type=\"widget\" data-widget_type=\"spacer.default\">\n\t\t\t\t<div class=\"elementor-widget-container\">\n\t\t\t\t\t<div class=\"elementor-spacer\">\n\t\t\t<div class=\"elementor-spacer-inner\"><\/div>\n\t\t<\/div>\n\t\t\t\t<\/div>\n\t\t\t\t<\/div>\n\t\t\t\t\t\t<\/div>\n\t\t\t\t\t<\/div>\n\t\t<\/div>\n\t\t\t\t\t\t\t\t<\/div>\n\t\t\t\t\t<\/div>\n\t\t<\/section>\n\t\t\t\t<section class=\"elementor-section elementor-top-section elementor-element elementor-element-135a9da elementor-section-boxed elementor-section-height-default elementor-section-height-default\" data-id=\"135a9da\" data-element_type=\"section\" data-settings=\"{&quot;background_background&quot;:&quot;classic&quot;}\">\n\t\t\t\t\t\t<div class=\"elementor-container elementor-column-gap-no\">\n\t\t\t\t\t\t\t<div class=\"elementor-row\">\n\t\t\t\t\t<div class=\"elementor-column elementor-col-100 elementor-top-column elementor-element elementor-element-35f4380\" data-id=\"35f4380\" data-element_type=\"column\">\n\t\t\t<div class=\"elementor-column-wrap elementor-element-populated\">\n\t\t\t\t\t\t\t<div class=\"elementor-widget-wrap\">\n\t\t\t\t\t\t<section class=\"elementor-section elementor-inner-section elementor-element elementor-element-6c03889 elementor-section-boxed elementor-section-height-default elementor-section-height-default\" data-id=\"6c03889\" data-element_type=\"section\">\n\t\t\t\t\t\t<div class=\"elementor-container elementor-column-gap-wide\">\n\t\t\t\t\t\t\t<div class=\"elementor-row\">\n\t\t\t\t\t<div class=\"elementor-column elementor-col-50 elementor-inner-column elementor-element elementor-element-6b87506\" data-id=\"6b87506\" data-element_type=\"column\">\n\t\t\t<div class=\"elementor-column-wrap elementor-element-populated\">\n\t\t\t\t\t\t\t<div class=\"elementor-widget-wrap\">\n\t\t\t\t\t\t<div class=\"elementor-element elementor-element-8ce3c91 elementor-widget elementor-widget-image\" data-id=\"8ce3c91\" data-element_type=\"widget\" data-widget_type=\"image.default\">\n\t\t\t\t<div class=\"elementor-widget-container\">\n\t\t\t\t\t\t\t\t<div class=\"elementor-image\">\n\t\t\t\t\t\t\t\t\t\t\t\t<img decoding=\"async\" width=\"1024\" height=\"683\" src=\"https:\/\/imunova.actionlabs.com.br\/wp-content\/uploads\/2023\/02\/img-pesquisa-1024x683.png\" class=\"attachment-large size-large wp-image-329\" alt=\"\" loading=\"lazy\" srcset=\"https:\/\/imunova.actionlabs.com.br\/wp-content\/uploads\/2023\/02\/img-pesquisa-1024x683.png 1024w, https:\/\/imunova.actionlabs.com.br\/wp-content\/uploads\/2023\/02\/img-pesquisa-300x200.png 300w, https:\/\/imunova.actionlabs.com.br\/wp-content\/uploads\/2023\/02\/img-pesquisa-768x512.png 768w, https:\/\/imunova.actionlabs.com.br\/wp-content\/uploads\/2023\/02\/img-pesquisa-1536x1024.png 1536w, https:\/\/imunova.actionlabs.com.br\/wp-content\/uploads\/2023\/02\/img-pesquisa-18x12.png 18w, https:\/\/imunova.actionlabs.com.br\/wp-content\/uploads\/2023\/02\/img-pesquisa.png 1920w\" sizes=\"(max-width: 1024px) 100vw, 1024px\" \/>\t\t\t\t\t\t\t\t\t\t\t\t\t\t<\/div>\n\t\t\t\t\t\t<\/div>\n\t\t\t\t<\/div>\n\t\t\t\t\t\t<\/div>\n\t\t\t\t\t<\/div>\n\t\t<\/div>\n\t\t\t\t<div class=\"elementor-column elementor-col-50 elementor-inner-column elementor-element elementor-element-7c9ef53\" data-id=\"7c9ef53\" data-element_type=\"column\">\n\t\t\t<div class=\"elementor-column-wrap elementor-element-populated\">\n\t\t\t\t\t\t\t<div class=\"elementor-widget-wrap\">\n\t\t\t\t\t\t<div class=\"elementor-element elementor-element-411ed76 elementor-widget elementor-widget-text-editor\" data-id=\"411ed76\" data-element_type=\"widget\" data-widget_type=\"text-editor.default\">\n\t\t\t\t<div class=\"elementor-widget-container\">\n\t\t\t\t\t\t\t\t<div class=\"elementor-text-editor elementor-clearfix\">\n\t\t\t\t<p>Contando com uma equipe de mestres e doutores com forma\u00e7\u00f5es diversas, a Imunova possui o know-how para trabalhos em citometria de fluxo, produ\u00e7\u00e3o, purifica\u00e7\u00e3o e an\u00e1lise de prote\u00ednas recombinantes, an\u00e1lises imunol\u00f3gicas, desenvolvimento de estrat\u00e9gias de melhoramento em vacinas e desenvolvimento de plataforma de detec\u00e7\u00e3o eletroqu\u00edmicas.<\/p><p>Ao utilizar essas t\u00e9cnicas em teste de produtos, a confiabilidade dos m\u00e9todos foi comprovada, servindo agora tamb\u00e9m como uma refer\u00eancia para o desenvolvimento de novas an\u00e1lises e produtos. A equipe de Pesquisa, Desenvolvimento e Inova\u00e7\u00e3o (PD&amp;I) tamb\u00e9m presta servi\u00e7os de consultoria cient\u00edfica.<\/p>\t\t\t\t\t<\/div>\n\t\t\t\t\t\t<\/div>\n\t\t\t\t<\/div>\n\t\t\t\t\t\t<\/div>\n\t\t\t\t\t<\/div>\n\t\t<\/div>\n\t\t\t\t\t\t\t\t<\/div>\n\t\t\t\t\t<\/div>\n\t\t<\/section>\n\t\t\t\t<section class=\"elementor-section elementor-inner-section elementor-element elementor-element-ff338b8 elementor-section-boxed elementor-section-height-default elementor-section-height-default\" data-id=\"ff338b8\" data-element_type=\"section\" id=\"escritorio\">\n\t\t\t\t\t\t<div class=\"elementor-container elementor-column-gap-wide\">\n\t\t\t\t\t\t\t<div class=\"elementor-row\">\n\t\t\t\t\t<div class=\"elementor-column elementor-col-100 elementor-inner-column elementor-element elementor-element-5676b74\" data-id=\"5676b74\" data-element_type=\"column\">\n\t\t\t<div class=\"elementor-column-wrap elementor-element-populated\">\n\t\t\t\t\t\t\t<div class=\"elementor-widget-wrap\">\n\t\t\t\t\t\t<div class=\"elementor-element elementor-element-6896e17 elementor-widget elementor-widget-image\" data-id=\"6896e17\" data-element_type=\"widget\" data-widget_type=\"image.default\">\n\t\t\t\t<div class=\"elementor-widget-container\">\n\t\t\t\t\t\t\t\t<div class=\"elementor-image\">\n\t\t\t\t\t\t\t\t\t\t\t\t<img decoding=\"async\" src=\"https:\/\/imunova.actionlabs.com.br\/wp-content\/uploads\/elementor\/thumbs\/retangulo-02-q2n49hy4q9uy18rinxf7xd450td3gm434kld4s6ozk.png\" title=\"retangulo-02\" alt=\"retangulo-02\" loading=\"lazy\" \/>\t\t\t\t\t\t\t\t\t\t\t\t\t\t<\/div>\n\t\t\t\t\t\t<\/div>\n\t\t\t\t<\/div>\n\t\t\t\t<div class=\"elementor-element elementor-element-cc580fb elementor-widget elementor-widget-heading\" data-id=\"cc580fb\" data-element_type=\"widget\" data-widget_type=\"heading.default\">\n\t\t\t\t<div class=\"elementor-widget-container\">\n\t\t\t<h2 class=\"elementor-heading-title elementor-size-default\">Alguns projetos desenvolvidos ou em desenvolvimento pela equipe de PD&I\n<\/h2>\t\t<\/div>\n\t\t\t\t<\/div>\n\t\t\t\t<div class=\"elementor-element elementor-element-0d7a1ca elementor-widget elementor-widget-text-editor\" data-id=\"0d7a1ca\" data-element_type=\"widget\" data-widget_type=\"text-editor.default\">\n\t\t\t\t<div class=\"elementor-widget-container\">\n\t\t\t\t\t\t\t\t<div class=\"elementor-text-editor elementor-clearfix\">\n\t\t\t\t<ol><li>Kit diagn\u00f3stico para detectar infec\u00e7\u00e3o por salmonela em frangos utilizando swab cloacal como amostra;<\/li><li>Tratamento contra dermatite at\u00f3pica canina baseado em mol\u00e9cula imunobiol\u00f3gica;<\/li><li>Desenvolvimento e padroniza\u00e7\u00e3o de ELISA para detec\u00e7\u00e3o de anticorpos espec\u00edficos para ant\u00edgenos alvo;<\/li><li>Desenvolvimento de uma plataforma de detec\u00e7\u00e3o eletroqu\u00edmica r\u00e1pida e port\u00e1til que permite a realiza\u00e7\u00e3o de ensaios similares a ELISA;<\/li><li>Acompanhamento vacinal por imunoensaios;<\/li><li>Plataforma para compartilhamento de resultados de testes de diagn\u00f3stico em nuvem, para informar a interpreta\u00e7\u00e3o dos dados com base no valor preditivo para o teste.<\/li><\/ol>\t\t\t\t\t<\/div>\n\t\t\t\t\t\t<\/div>\n\t\t\t\t<\/div>\n\t\t\t\t\t\t<\/div>\n\t\t\t\t\t<\/div>\n\t\t<\/div>\n\t\t\t\t\t\t\t\t<\/div>\n\t\t\t\t\t<\/div>\n\t\t<\/section>\n\t\t\t\t<section class=\"elementor-section elementor-inner-section elementor-element elementor-element-58c8b69 elementor-section-boxed elementor-section-height-default elementor-section-height-default\" data-id=\"58c8b69\" data-element_type=\"section\">\n\t\t\t\t\t\t<div class=\"elementor-container elementor-column-gap-wide\">\n\t\t\t\t\t\t\t<div class=\"elementor-row\">\n\t\t\t\t\t<div class=\"elementor-column elementor-col-100 elementor-inner-column elementor-element elementor-element-6fbc4f3\" data-id=\"6fbc4f3\" data-element_type=\"column\">\n\t\t\t<div class=\"elementor-column-wrap elementor-element-populated\">\n\t\t\t\t\t\t\t<div class=\"elementor-widget-wrap\">\n\t\t\t\t\t\t<div class=\"elementor-element elementor-element-9f03695 elementor-widget elementor-widget-image\" data-id=\"9f03695\" data-element_type=\"widget\" data-widget_type=\"image.default\">\n\t\t\t\t<div class=\"elementor-widget-container\">\n\t\t\t\t\t\t\t\t<div class=\"elementor-image\">\n\t\t\t\t\t\t\t\t\t\t\t\t<img decoding=\"async\" src=\"https:\/\/imunova.actionlabs.com.br\/wp-content\/uploads\/elementor\/thumbs\/retangulo-02-q2n49hy4q9uy18rinxf7xd450td3gm434kld4s6ozk.png\" title=\"retangulo-02\" alt=\"retangulo-02\" loading=\"lazy\" \/>\t\t\t\t\t\t\t\t\t\t\t\t\t\t<\/div>\n\t\t\t\t\t\t<\/div>\n\t\t\t\t<\/div>\n\t\t\t\t<div class=\"elementor-element elementor-element-1199bdc elementor-widget elementor-widget-heading\" data-id=\"1199bdc\" data-element_type=\"widget\" data-widget_type=\"heading.default\">\n\t\t\t\t<div class=\"elementor-widget-container\">\n\t\t\t<h2 class=\"elementor-heading-title elementor-size-default\">Editais contemplados pela Imunova<\/h2>\t\t<\/div>\n\t\t\t\t<\/div>\n\t\t\t\t<div class=\"elementor-element elementor-element-8c42ba0 elementor-widget elementor-widget-text-editor\" data-id=\"8c42ba0\" data-element_type=\"widget\" data-widget_type=\"text-editor.default\">\n\t\t\t\t<div class=\"elementor-widget-container\">\n\t\t\t\t\t\t\t\t<div class=\"elementor-text-editor elementor-clearfix\">\n\t\t\t\t<ol><li>TECNOVA 2013 &#8211; Estudo para o desenvolvimento de sensores biol\u00f3gicos com tecnologia eletroqu\u00edmica. &#8211; 2014 a 2016 &#8211; FINEP FNDCT &#8211; SETI\/PR;<\/li><li>P\u00f3s doc empresas 2012 14\/2012 &#8211; Produ\u00e7\u00e3o de anticorpos monoclonais para sa\u00fade animal e humana 2013 a 2016 &#8211; CAPES\/Funda\u00e7\u00e3o Arauc\u00e1ria;<\/li><li>P\u00f3s doc empresas 2013 07\/2013 &#8211; Produ\u00e7\u00e3o de interleucinas e prote\u00ednas de fase aguda de aves, em sistema heter\u00f3logo (procariontes e eucariontes) por tecnologia do DNA recombinante \u2013 2013 a 2016;<\/li><li>InovaTalentos 2014- Estudo para o desenvolvimento de sensores biol\u00f3gicos com tecnologia eletroqu\u00edmica. \u2013 2015 a 2016 \u2013 IEL;<\/li><li>SESI-SENAI de inova\u00e7\u00e3o 2013 &#8211; Estudo para o desenvolvimento de sensores biol\u00f3gicos com tecnologia eletroqu\u00edmica \u2013 2014 a 2016 &#8211; SESI SENAI;<\/li><li>&#8220;InnoVET-AMR IDRC Innovative Veterinary Solutions for Antimicrobial Resistance&#8221; &#8211; Developing a sustainable nanoparticle-based vaccine solution for broilers and layers against Escherichia coli in low and middle-income countries \u2013 2019 a 2023 &#8211; IDRC &#8211; Canad\u00e1 \/ UK aid;<\/li><li>Finep Tecnologia 4.0 \u2013 Diagn\u00f3stico acurado a campo \u2013 2021 a 2023.<\/li><\/ol>\t\t\t\t\t<\/div>\n\t\t\t\t\t\t<\/div>\n\t\t\t\t<\/div>\n\t\t\t\t\t\t<\/div>\n\t\t\t\t\t<\/div>\n\t\t<\/div>\n\t\t\t\t\t\t\t\t<\/div>\n\t\t\t\t\t<\/div>\n\t\t<\/section>\n\t\t\t\t<section class=\"elementor-section elementor-inner-section elementor-element elementor-element-ac5a356 elementor-section-boxed elementor-section-height-default elementor-section-height-default\" data-id=\"ac5a356\" data-element_type=\"section\">\n\t\t\t\t\t\t<div class=\"elementor-container elementor-column-gap-wide\">\n\t\t\t\t\t\t\t<div class=\"elementor-row\">\n\t\t\t\t\t<div class=\"elementor-column elementor-col-100 elementor-inner-column elementor-element elementor-element-9db9514\" data-id=\"9db9514\" data-element_type=\"column\">\n\t\t\t<div class=\"elementor-column-wrap elementor-element-populated\">\n\t\t\t\t\t\t\t<div class=\"elementor-widget-wrap\">\n\t\t\t\t\t\t<div class=\"elementor-element elementor-element-5accd0d elementor-widget elementor-widget-image\" data-id=\"5accd0d\" data-element_type=\"widget\" data-widget_type=\"image.default\">\n\t\t\t\t<div class=\"elementor-widget-container\">\n\t\t\t\t\t\t\t\t<div class=\"elementor-image\">\n\t\t\t\t\t\t\t\t\t\t\t\t<img decoding=\"async\" src=\"https:\/\/imunova.actionlabs.com.br\/wp-content\/uploads\/elementor\/thumbs\/retangulo-02-q2n49hy4q9uy18rinxf7xd450td3gm434kld4s6ozk.png\" title=\"retangulo-02\" alt=\"retangulo-02\" loading=\"lazy\" \/>\t\t\t\t\t\t\t\t\t\t\t\t\t\t<\/div>\n\t\t\t\t\t\t<\/div>\n\t\t\t\t<\/div>\n\t\t\t\t<div class=\"elementor-element elementor-element-e310764 elementor-widget elementor-widget-heading\" data-id=\"e310764\" data-element_type=\"widget\" data-widget_type=\"heading.default\">\n\t\t\t\t<div class=\"elementor-widget-container\">\n\t\t\t<h2 class=\"elementor-heading-title elementor-size-default\">Patentes<\/h2>\t\t<\/div>\n\t\t\t\t<\/div>\n\t\t\t\t<div class=\"elementor-element elementor-element-d6371ed elementor-widget elementor-widget-text-editor\" data-id=\"d6371ed\" data-element_type=\"widget\" data-widget_type=\"text-editor.default\">\n\t\t\t\t<div class=\"elementor-widget-container\">\n\t\t\t\t\t\t\t\t<div class=\"elementor-text-editor elementor-clearfix\">\n\t\t\t\t<p>A partir de trabalhos de desenvolvimento tecnol\u00f3gico, a Imunova possui, como depositante e\/ou inventora 8 patentes junto ao Instituto Nacional da Propriedade Industrial (INPI):<\/p><ul><li>BR102020024371,<\/li><li>BR102020024378,<\/li><li>BR102020024380,<\/li><li>BR102020024390,<\/li><li>BR102020024403,<\/li><li>BR102021007058,<\/li><li>BR102022020782,<\/li><li>BR102018016617.<\/li><\/ul>\t\t\t\t\t<\/div>\n\t\t\t\t\t\t<\/div>\n\t\t\t\t<\/div>\n\t\t\t\t\t\t<\/div>\n\t\t\t\t\t<\/div>\n\t\t<\/div>\n\t\t\t\t\t\t\t\t<\/div>\n\t\t\t\t\t<\/div>\n\t\t<\/section>\n\t\t\t\t<section class=\"elementor-section elementor-inner-section elementor-element elementor-element-588efe3 elementor-section-boxed elementor-section-height-default elementor-section-height-default\" data-id=\"588efe3\" data-element_type=\"section\">\n\t\t\t\t\t\t<div class=\"elementor-container elementor-column-gap-wide\">\n\t\t\t\t\t\t\t<div class=\"elementor-row\">\n\t\t\t\t\t<div class=\"elementor-column elementor-col-100 elementor-inner-column elementor-element elementor-element-86feea9\" data-id=\"86feea9\" data-element_type=\"column\">\n\t\t\t<div class=\"elementor-column-wrap elementor-element-populated\">\n\t\t\t\t\t\t\t<div class=\"elementor-widget-wrap\">\n\t\t\t\t\t\t<div class=\"elementor-element elementor-element-3aa57bc elementor-widget elementor-widget-image\" data-id=\"3aa57bc\" data-element_type=\"widget\" data-widget_type=\"image.default\">\n\t\t\t\t<div class=\"elementor-widget-container\">\n\t\t\t\t\t\t\t\t<div class=\"elementor-image\">\n\t\t\t\t\t\t\t\t\t\t\t\t<img decoding=\"async\" src=\"https:\/\/imunova.actionlabs.com.br\/wp-content\/uploads\/elementor\/thumbs\/retangulo-02-q2n49hy4q9uy18rinxf7xd450td3gm434kld4s6ozk.png\" title=\"retangulo-02\" alt=\"retangulo-02\" loading=\"lazy\" \/>\t\t\t\t\t\t\t\t\t\t\t\t\t\t<\/div>\n\t\t\t\t\t\t<\/div>\n\t\t\t\t<\/div>\n\t\t\t\t<div class=\"elementor-element elementor-element-9ec7604 elementor-widget elementor-widget-heading\" data-id=\"9ec7604\" data-element_type=\"widget\" data-widget_type=\"heading.default\">\n\t\t\t\t<div class=\"elementor-widget-container\">\n\t\t\t<h2 class=\"elementor-heading-title elementor-size-default\">Artigos publicados em parceria com clientes a partir de 2020<\/h2>\t\t<\/div>\n\t\t\t\t<\/div>\n\t\t\t\t<div class=\"elementor-element elementor-element-8968ac5 elementor-widget elementor-widget-text-editor\" data-id=\"8968ac5\" data-element_type=\"widget\" data-widget_type=\"text-editor.default\">\n\t\t\t\t<div class=\"elementor-widget-container\">\n\t\t\t\t\t\t\t\t<div class=\"elementor-text-editor elementor-clearfix\">\n\t\t\t\t<ul><li>ANDRIOLLI, J. S. et al. Salivary, serum, and abomasal mucus IgA as an immune correlate of protection against Haemonchus contortus infection in naturally infected lambs. <strong>Research In Veterinary Science<\/strong>, v. 144, p. 82-91, 2022.<\/li><li>BEIR\u00c3O, B. C. B. et al. Reference parameters of peripheral immune cell populations in broiler chickens using a large database. <strong>British Poultry Science<\/strong>, v. 61, n. 2, p. 116\u2013121, 2020.<\/li><li>BEIR\u00c3O, B. C. B. et al. Recombinant human interferon\u2010\u03b114 for the treatment of canine allergic pruritic disease in eight dogs. <strong>Veterinary Record Open<\/strong>, v. 8, n. 1, p. e6, 2021a.<\/li><li>BEIR\u00c3O, B. C. B. et al. Effects of aroA deleted E. coli vaccine on intestinal microbiota and mucosal immunity. <strong>Comparative Immunology, Microbiology and Infectious Diseases<\/strong>, v. 75, n. January, 2021b.<\/li><li>BONATO, M. et al. Effects of yeast cell wall on immunity, microbiota, and intestinal integrity of Salmonella-infected broilers. <strong>Journal of Applied Poultry Research<\/strong>, v. 29, n. 3, p. 545\u2013558, 2020.<\/li><li>GRAZZIOTIN, A. L. et al. Comparative genomics of a novel clade shed light on the evolution of the genus Erysipelothrix and characterise an emerging species. <strong>Scientific Reports<\/strong>, v. 11, n. 1, p. 1\u201312, 2021.<\/li><li>INGBERMAN, M. et al. Relevance of antibodies against the Chicken Anaemia Virus. <strong>Developmental and Comparative Immunology<\/strong>, v. 122, n. April, 2021.<\/li><li>MESA, D. et al. Cyclophosphamide Increases Lactobacillus in the Intestinal Microbiota in Chickens . <strong>mSystems<\/strong>, v. 5, n. 4, p. 1\u201312, 2020.<\/li><li>SOARES, I. P. et al. Fish oil supplementation enhances colon recovery after experimental colitis. <strong>Prostaglandins Leukotrienes and Essential Fatty Acids<\/strong>, v. 163, 2020.<\/li><\/ul>\t\t\t\t\t<\/div>\n\t\t\t\t\t\t<\/div>\n\t\t\t\t<\/div>\n\t\t\t\t\t\t<\/div>\n\t\t\t\t\t<\/div>\n\t\t<\/div>\n\t\t\t\t\t\t\t\t<\/div>\n\t\t\t\t\t<\/div>\n\t\t<\/section>\n\t\t\t\t\t\t<\/div>\n\t\t\t\t\t<\/div>\n\t\t<\/div>\n\t\t\t\t\t\t\t\t<\/div>\n\t\t\t\t\t<\/div>\n\t\t<\/section>\n\t\t\t\t\t\t\t\t\t<\/div>\n\t\t\t<\/div>\n\t\t\t\t\t<\/div>","protected":false},"excerpt":{"rendered":"<p>Contando com uma equipe de mestres e doutores com forma\u00e7\u00f5es diversas, a Imunova possui o know-how para trabalhos em citometria de fluxo, produ\u00e7\u00e3o, purifica\u00e7\u00e3o e an\u00e1lise de prote\u00ednas recombinantes, an\u00e1lises imunol\u00f3gicas, desenvolvimento de estrat\u00e9gias de melhoramento em vacinas e desenvolvimento de plataforma de detec\u00e7\u00e3o eletroqu\u00edmicas. Ao utilizar essas t\u00e9cnicas em teste de produtos, a confiabilidade &#8230; <a title=\"Pesquisa e Desenvolvimento\" class=\"read-more\" href=\"https:\/\/imunova.actionlabs.com.br\/en\/pesquisa-e-desenvolvimento\/\" aria-label=\"More on Pesquisa e Desenvolvimento\">Read more<\/a><\/p>","protected":false},"author":1,"featured_media":0,"parent":0,"menu_order":0,"comment_status":"closed","ping_status":"closed","template":"elementor_header_footer","meta":[],"yoast_head":"<!-- This site is optimized with the Yoast SEO plugin v15.5 - https:\/\/yoast.com\/wordpress\/plugins\/seo\/ -->\n<title>Pesquisa e Desenvolvimento - Imunova<\/title>\n<meta name=\"robots\" content=\"noindex, follow, max-snippet:-1, max-image-preview:large, max-video-preview:-1\" \/>\n<meta property=\"og:locale\" content=\"en_US\" \/>\n<meta property=\"og:type\" content=\"article\" \/>\n<meta property=\"og:title\" content=\"Pesquisa e Desenvolvimento - Imunova\" \/>\n<meta property=\"og:description\" content=\"Contando com uma equipe de mestres e doutores com forma\u00e7\u00f5es diversas, a Imunova possui o know-how para trabalhos em citometria de fluxo, produ\u00e7\u00e3o, purifica\u00e7\u00e3o e an\u00e1lise de prote\u00ednas recombinantes, an\u00e1lises imunol\u00f3gicas, desenvolvimento de estrat\u00e9gias de melhoramento em vacinas e desenvolvimento de plataforma de detec\u00e7\u00e3o eletroqu\u00edmicas. Ao utilizar essas t\u00e9cnicas em teste de produtos, a confiabilidade ... Read more\" \/>\n<meta property=\"og:url\" content=\"https:\/\/imunova.actionlabs.com.br\/en\/pesquisa-e-desenvolvimento\/\" \/>\n<meta property=\"og:site_name\" content=\"Imunova\" \/>\n<meta property=\"article:modified_time\" content=\"2023-04-11T17:59:47+00:00\" \/>\n<meta property=\"og:image\" content=\"https:\/\/imunova.actionlabs.com.br\/wp-content\/uploads\/2023\/02\/img-pesquisa-1024x683.png\" \/>\n<meta name=\"twitter:card\" content=\"summary_large_image\" \/>\n<meta name=\"twitter:label1\" content=\"Est. reading time\">\n\t<meta name=\"twitter:data1\" content=\"3 minutes\">\n<script type=\"application\/ld+json\" class=\"yoast-schema-graph\">{\"@context\":\"https:\/\/schema.org\",\"@graph\":[{\"@type\":\"WebSite\",\"@id\":\"https:\/\/imunova.actionlabs.com.br\/#website\",\"url\":\"https:\/\/imunova.actionlabs.com.br\/\",\"name\":\"Imunova\",\"description\":\"Solu\\u00e7\\u00f5es biotecnol\\u00f3gicas em produtos e diagn\\u00f3stico\",\"potentialAction\":[{\"@type\":\"SearchAction\",\"target\":\"https:\/\/imunova.actionlabs.com.br\/?s={search_term_string}\",\"query-input\":\"required name=search_term_string\"}],\"inLanguage\":\"en-US\"},{\"@type\":\"ImageObject\",\"@id\":\"https:\/\/imunova.actionlabs.com.br\/pesquisa-e-desenvolvimento\/#primaryimage\",\"inLanguage\":\"en-US\",\"url\":\"https:\/\/imunova.actionlabs.com.br\/wp-content\/uploads\/2023\/02\/img-pesquisa.png\",\"width\":1920,\"height\":1280},{\"@type\":\"WebPage\",\"@id\":\"https:\/\/imunova.actionlabs.com.br\/pesquisa-e-desenvolvimento\/#webpage\",\"url\":\"https:\/\/imunova.actionlabs.com.br\/pesquisa-e-desenvolvimento\/\",\"name\":\"Pesquisa e Desenvolvimento - Imunova\",\"isPartOf\":{\"@id\":\"https:\/\/imunova.actionlabs.com.br\/#website\"},\"primaryImageOfPage\":{\"@id\":\"https:\/\/imunova.actionlabs.com.br\/pesquisa-e-desenvolvimento\/#primaryimage\"},\"datePublished\":\"2023-03-28T11:26:23+00:00\",\"dateModified\":\"2023-04-11T17:59:47+00:00\",\"inLanguage\":\"en-US\",\"potentialAction\":[{\"@type\":\"ReadAction\",\"target\":[\"https:\/\/imunova.actionlabs.com.br\/pesquisa-e-desenvolvimento\/\"]}]}]}<\/script>\n<!-- \/ Yoast SEO plugin. -->","_links":{"self":[{"href":"https:\/\/imunova.actionlabs.com.br\/en\/wp-json\/wp\/v2\/pages\/456"}],"collection":[{"href":"https:\/\/imunova.actionlabs.com.br\/en\/wp-json\/wp\/v2\/pages"}],"about":[{"href":"https:\/\/imunova.actionlabs.com.br\/en\/wp-json\/wp\/v2\/types\/page"}],"author":[{"embeddable":true,"href":"https:\/\/imunova.actionlabs.com.br\/en\/wp-json\/wp\/v2\/users\/1"}],"replies":[{"embeddable":true,"href":"https:\/\/imunova.actionlabs.com.br\/en\/wp-json\/wp\/v2\/comments?post=456"}],"version-history":[{"count":22,"href":"https:\/\/imunova.actionlabs.com.br\/en\/wp-json\/wp\/v2\/pages\/456\/revisions"}],"predecessor-version":[{"id":696,"href":"https:\/\/imunova.actionlabs.com.br\/en\/wp-json\/wp\/v2\/pages\/456\/revisions\/696"}],"wp:attachment":[{"href":"https:\/\/imunova.actionlabs.com.br\/en\/wp-json\/wp\/v2\/media?parent=456"}],"curies":[{"name":"wp","href":"https:\/\/api.w.org\/{rel}","templated":true}]}}