{"id":361,"date":"2023-03-27T15:25:37","date_gmt":"2023-03-27T18:25:37","guid":{"rendered":"https:\/\/imunova.actionlabs.com.br\/?page_id=361"},"modified":"2023-04-11T14:56:47","modified_gmt":"2023-04-11T17:56:47","slug":"sobre-a-imunova","status":"publish","type":"page","link":"https:\/\/imunova.actionlabs.com.br\/en\/sobre-a-imunova\/","title":{"rendered":"Sobre a Imunova"},"content":{"rendered":"<div data-elementor-type=\"wp-page\" data-elementor-id=\"361\" class=\"elementor elementor-361\">\n\t\t\t\t\t\t<div class=\"elementor-inner\">\n\t\t\t\t<div class=\"elementor-section-wrap\">\n\t\t\t\t\t\t\t\t\t<section class=\"elementor-section elementor-top-section elementor-element elementor-element-87fd84a elementor-section-content-middle elementor-section-full_width elementor-section-height-default elementor-section-height-default\" data-id=\"87fd84a\" data-element_type=\"section\" data-settings=\"{&quot;background_background&quot;:&quot;classic&quot;}\">\n\t\t\t\t\t\t\t<div class=\"elementor-background-overlay\"><\/div>\n\t\t\t\t\t\t\t<div class=\"elementor-container elementor-column-gap-no\">\n\t\t\t\t\t\t\t<div class=\"elementor-row\">\n\t\t\t\t\t<div class=\"elementor-column elementor-col-100 elementor-top-column elementor-element elementor-element-a8ab392\" data-id=\"a8ab392\" data-element_type=\"column\">\n\t\t\t<div class=\"elementor-column-wrap elementor-element-populated\">\n\t\t\t\t\t\t\t<div class=\"elementor-widget-wrap\">\n\t\t\t\t\t\t<section class=\"elementor-section elementor-inner-section elementor-element elementor-element-8068da7 elementor-section-boxed elementor-section-height-default elementor-section-height-default\" data-id=\"8068da7\" data-element_type=\"section\">\n\t\t\t\t\t\t<div class=\"elementor-container elementor-column-gap-default\">\n\t\t\t\t\t\t\t<div class=\"elementor-row\">\n\t\t\t\t\t<div class=\"elementor-column elementor-col-100 elementor-inner-column elementor-element elementor-element-87ccbfc\" data-id=\"87ccbfc\" data-element_type=\"column\">\n\t\t\t<div class=\"elementor-column-wrap elementor-element-populated\">\n\t\t\t\t\t\t\t<div class=\"elementor-widget-wrap\">\n\t\t\t\t\t\t<div class=\"elementor-element elementor-element-65a40c9 elementor-widget elementor-widget-theme-post-title elementor-page-title elementor-widget-heading\" data-id=\"65a40c9\" data-element_type=\"widget\" data-widget_type=\"theme-post-title.default\">\n\t\t\t\t<div class=\"elementor-widget-container\">\n\t\t\t<h1 class=\"elementor-heading-title elementor-size-default\">Sobre a Imunova<\/h1>\t\t<\/div>\n\t\t\t\t<\/div>\n\t\t\t\t\t\t<\/div>\n\t\t\t\t\t<\/div>\n\t\t<\/div>\n\t\t\t\t\t\t\t\t<\/div>\n\t\t\t\t\t<\/div>\n\t\t<\/section>\n\t\t\t\t<div class=\"elementor-element elementor-element-1d3709f elementor-widget elementor-widget-spacer\" data-id=\"1d3709f\" data-element_type=\"widget\" data-widget_type=\"spacer.default\">\n\t\t\t\t<div class=\"elementor-widget-container\">\n\t\t\t\t\t<div class=\"elementor-spacer\">\n\t\t\t<div class=\"elementor-spacer-inner\"><\/div>\n\t\t<\/div>\n\t\t\t\t<\/div>\n\t\t\t\t<\/div>\n\t\t\t\t\t\t<\/div>\n\t\t\t\t\t<\/div>\n\t\t<\/div>\n\t\t\t\t\t\t\t\t<\/div>\n\t\t\t\t\t<\/div>\n\t\t<\/section>\n\t\t\t\t<section class=\"elementor-section elementor-top-section elementor-element elementor-element-c282b04 elementor-section-boxed elementor-section-height-default elementor-section-height-default\" data-id=\"c282b04\" data-element_type=\"section\" data-settings=\"{&quot;background_background&quot;:&quot;classic&quot;}\">\n\t\t\t\t\t\t<div class=\"elementor-container elementor-column-gap-no\">\n\t\t\t\t\t\t\t<div class=\"elementor-row\">\n\t\t\t\t\t<div class=\"elementor-column elementor-col-100 elementor-top-column elementor-element elementor-element-097bfc7\" data-id=\"097bfc7\" data-element_type=\"column\">\n\t\t\t<div class=\"elementor-column-wrap elementor-element-populated\">\n\t\t\t\t\t\t\t<div class=\"elementor-widget-wrap\">\n\t\t\t\t\t\t<section class=\"elementor-section elementor-inner-section elementor-element elementor-element-f207bc7 elementor-section-boxed elementor-section-height-default elementor-section-height-default\" data-id=\"f207bc7\" data-element_type=\"section\">\n\t\t\t\t\t\t<div class=\"elementor-container elementor-column-gap-wide\">\n\t\t\t\t\t\t\t<div class=\"elementor-row\">\n\t\t\t\t\t<div class=\"elementor-column elementor-col-50 elementor-inner-column elementor-element elementor-element-c2494a7\" data-id=\"c2494a7\" data-element_type=\"column\">\n\t\t\t<div class=\"elementor-column-wrap elementor-element-populated\">\n\t\t\t\t\t\t\t<div class=\"elementor-widget-wrap\">\n\t\t\t\t\t\t<div class=\"elementor-element elementor-element-c4681a9 elementor-widget elementor-widget-text-editor\" data-id=\"c4681a9\" data-element_type=\"widget\" data-widget_type=\"text-editor.default\">\n\t\t\t\t<div class=\"elementor-widget-container\">\n\t\t\t\t\t\t\t\t<div class=\"elementor-text-editor elementor-clearfix\">\n\t\t\t\tImunologia e inova\u00e7\u00e3o: desses dois conceitos nasceu a Imunova An\u00e1lises Biol\u00f3gicas, com o prop\u00f3sito de oferecer solu\u00e7\u00f5es biotecnol\u00f3gicas em insumos e t\u00e9cnicas de ponta para pesquisa e diagn\u00f3stico animal. A empresa foi planejada por ex-alunos de mestrado e professores da Universidade Federal do Paran\u00e1 como uma forma de prestar para a agroind\u00fastria os servi\u00e7os que a Universidade desenvolve com excel\u00eancia.\u00a0\t\t\t\t\t<\/div>\n\t\t\t\t\t\t<\/div>\n\t\t\t\t<\/div>\n\t\t\t\t\t\t<\/div>\n\t\t\t\t\t<\/div>\n\t\t<\/div>\n\t\t\t\t<div class=\"elementor-column elementor-col-50 elementor-inner-column elementor-element elementor-element-b99654d\" data-id=\"b99654d\" data-element_type=\"column\">\n\t\t\t<div class=\"elementor-column-wrap elementor-element-populated\">\n\t\t\t\t\t\t\t<div class=\"elementor-widget-wrap\">\n\t\t\t\t\t\t<div class=\"elementor-element elementor-element-acb7fe4 elementor-widget elementor-widget-text-editor\" data-id=\"acb7fe4\" data-element_type=\"widget\" data-widget_type=\"text-editor.default\">\n\t\t\t\t<div class=\"elementor-widget-container\">\n\t\t\t\t\t\t\t\t<div class=\"elementor-text-editor elementor-clearfix\">\n\t\t\t\tO resultado foi a cria\u00e7\u00e3o de uma startup, incubada na UFPR, em maio de 2011. O trabalho trouxe respostas sobre a a\u00e7\u00e3o de vacinas, probi\u00f3ticos, medicamentos e aditivos de ra\u00e7\u00e3o no sistema imune dos animais. E de l\u00e1 para c\u00e1 a empresa n\u00e3o parou de fazer perguntas e explorar resultados.\u00a0\t\t\t\t\t<\/div>\n\t\t\t\t\t\t<\/div>\n\t\t\t\t<\/div>\n\t\t\t\t\t\t<\/div>\n\t\t\t\t\t<\/div>\n\t\t<\/div>\n\t\t\t\t\t\t\t\t<\/div>\n\t\t\t\t\t<\/div>\n\t\t<\/section>\n\t\t\t\t<section class=\"elementor-section elementor-inner-section elementor-element elementor-element-7c9850b elementor-section-boxed elementor-section-height-default elementor-section-height-default\" data-id=\"7c9850b\" data-element_type=\"section\">\n\t\t\t\t\t\t<div class=\"elementor-container elementor-column-gap-wide\">\n\t\t\t\t\t\t\t<div class=\"elementor-row\">\n\t\t\t\t\t<div class=\"elementor-column elementor-col-66 elementor-inner-column elementor-element elementor-element-6757545\" data-id=\"6757545\" data-element_type=\"column\">\n\t\t\t<div class=\"elementor-column-wrap elementor-element-populated\">\n\t\t\t\t\t\t\t<div class=\"elementor-widget-wrap\">\n\t\t\t\t\t\t<div class=\"elementor-element elementor-element-682010e elementor-widget elementor-widget-image\" data-id=\"682010e\" data-element_type=\"widget\" data-widget_type=\"image.default\">\n\t\t\t\t<div class=\"elementor-widget-container\">\n\t\t\t\t\t\t\t\t<div class=\"elementor-image\">\n\t\t\t\t\t\t\t\t\t\t\t\t<img decoding=\"async\" width=\"800\" height=\"369\" src=\"https:\/\/imunova.actionlabs.com.br\/wp-content\/uploads\/2023\/03\/tecnoparque-imunova.png\" class=\"attachment-large size-large wp-image-538\" alt=\"\" loading=\"lazy\" srcset=\"https:\/\/imunova.actionlabs.com.br\/wp-content\/uploads\/2023\/03\/tecnoparque-imunova.png 800w, https:\/\/imunova.actionlabs.com.br\/wp-content\/uploads\/2023\/03\/tecnoparque-imunova-300x138.png 300w, https:\/\/imunova.actionlabs.com.br\/wp-content\/uploads\/2023\/03\/tecnoparque-imunova-768x354.png 768w, https:\/\/imunova.actionlabs.com.br\/wp-content\/uploads\/2023\/03\/tecnoparque-imunova-18x8.png 18w\" sizes=\"(max-width: 800px) 100vw, 800px\" \/>\t\t\t\t\t\t\t\t\t\t\t\t\t\t<\/div>\n\t\t\t\t\t\t<\/div>\n\t\t\t\t<\/div>\n\t\t\t\t\t\t<\/div>\n\t\t\t\t\t<\/div>\n\t\t<\/div>\n\t\t\t\t<div class=\"elementor-column elementor-col-33 elementor-inner-column elementor-element elementor-element-80511b1\" data-id=\"80511b1\" data-element_type=\"column\">\n\t\t\t<div class=\"elementor-column-wrap elementor-element-populated\">\n\t\t\t\t\t\t\t<div class=\"elementor-widget-wrap\">\n\t\t\t\t\t\t<div class=\"elementor-element elementor-element-75da653 elementor-widget elementor-widget-text-editor\" data-id=\"75da653\" data-element_type=\"widget\" data-widget_type=\"text-editor.default\">\n\t\t\t\t<div class=\"elementor-widget-container\">\n\t\t\t\t\t\t\t\t<div class=\"elementor-text-editor elementor-clearfix\">\n\t\t\t\t<p>Ap\u00f3s o per\u00edodo de incuba\u00e7\u00e3o, desde 2019, est\u00e1 instalada no Tecnoparque da PUC-PR, ambiente que apoia o desenvolvimento tecnol\u00f3gico. A equipe entendeu que saber perguntar \u00e9 mais importante que responder. Al\u00e9m disso, o que tornou a Imunova uma empresa \u00fanica foi a capacidade de interpretar o resultado e propor uma a\u00e7\u00e3o. Aqui, a pesquisa \u00e9 a solu\u00e7\u00e3o. Gerar e difundir conhecimento cient\u00edfico s\u00e3o ferramentas que podem modificar o ambiente onde vivemos.<\/p>\t\t\t\t\t<\/div>\n\t\t\t\t\t\t<\/div>\n\t\t\t\t<\/div>\n\t\t\t\t\t\t<\/div>\n\t\t\t\t\t<\/div>\n\t\t<\/div>\n\t\t\t\t\t\t\t\t<\/div>\n\t\t\t\t\t<\/div>\n\t\t<\/section>\n\t\t\t\t<section class=\"elementor-section elementor-inner-section elementor-element elementor-element-a373943 elementor-section-boxed elementor-section-height-default elementor-section-height-default\" data-id=\"a373943\" data-element_type=\"section\">\n\t\t\t\t\t\t<div class=\"elementor-container elementor-column-gap-wide\">\n\t\t\t\t\t\t\t<div class=\"elementor-row\">\n\t\t\t\t\t<div class=\"elementor-column elementor-col-100 elementor-inner-column elementor-element elementor-element-0a29d1d\" data-id=\"0a29d1d\" data-element_type=\"column\">\n\t\t\t<div class=\"elementor-column-wrap elementor-element-populated\">\n\t\t\t\t\t\t\t<div class=\"elementor-widget-wrap\">\n\t\t\t\t\t\t<div class=\"elementor-element elementor-element-62a6ebf elementor-widget elementor-widget-image\" data-id=\"62a6ebf\" data-element_type=\"widget\" data-widget_type=\"image.default\">\n\t\t\t\t<div class=\"elementor-widget-container\">\n\t\t\t\t\t\t\t\t<div class=\"elementor-image\">\n\t\t\t\t\t\t\t\t\t\t\t\t<img decoding=\"async\" src=\"https:\/\/imunova.actionlabs.com.br\/wp-content\/uploads\/elementor\/thumbs\/retangulo-02-q2n49hy4q9uy18rinxf7xd450td3gm434kld4s6ozk.png\" title=\"retangulo-02\" alt=\"retangulo-02\" loading=\"lazy\" \/>\t\t\t\t\t\t\t\t\t\t\t\t\t\t<\/div>\n\t\t\t\t\t\t<\/div>\n\t\t\t\t<\/div>\n\t\t\t\t<div class=\"elementor-element elementor-element-7d744b3 elementor-widget elementor-widget-heading\" data-id=\"7d744b3\" data-element_type=\"widget\" data-widget_type=\"heading.default\">\n\t\t\t\t<div class=\"elementor-widget-container\">\n\t\t\t<h2 class=\"elementor-heading-title elementor-size-default\">Miss\u00e3o<\/h2>\t\t<\/div>\n\t\t\t\t<\/div>\n\t\t\t\t<div class=\"elementor-element elementor-element-0331fca elementor-widget elementor-widget-text-editor\" data-id=\"0331fca\" data-element_type=\"widget\" data-widget_type=\"text-editor.default\">\n\t\t\t\t<div class=\"elementor-widget-container\">\n\t\t\t\t\t\t\t\t<div class=\"elementor-text-editor elementor-clearfix\">\n\t\t\t\t&#8220;Oferecer solu\u00e7\u00f5es em biotecnologia, possibilitando ao Brasil uma soberania tecnol\u00f3gica em insumos e t\u00e9cnicas de ponta para pesquisa e diagn\u00f3stico da imunidade animal, formando recursos humanos nessa \u00e1rea de atua\u00e7\u00e3o&#8221;\t\t\t\t\t<\/div>\n\t\t\t\t\t\t<\/div>\n\t\t\t\t<\/div>\n\t\t\t\t\t\t<\/div>\n\t\t\t\t\t<\/div>\n\t\t<\/div>\n\t\t\t\t\t\t\t\t<\/div>\n\t\t\t\t\t<\/div>\n\t\t<\/section>\n\t\t\t\t<section class=\"elementor-section elementor-inner-section elementor-element elementor-element-d00a047 elementor-section-boxed elementor-section-height-default elementor-section-height-default\" data-id=\"d00a047\" data-element_type=\"section\">\n\t\t\t\t\t\t<div class=\"elementor-container elementor-column-gap-wide\">\n\t\t\t\t\t\t\t<div class=\"elementor-row\">\n\t\t\t\t\t<div class=\"elementor-column elementor-col-100 elementor-inner-column elementor-element elementor-element-badfd79\" data-id=\"badfd79\" data-element_type=\"column\">\n\t\t\t<div class=\"elementor-column-wrap elementor-element-populated\">\n\t\t\t\t\t\t\t<div class=\"elementor-widget-wrap\">\n\t\t\t\t\t\t<div class=\"elementor-element elementor-element-19e674e elementor-widget elementor-widget-image\" data-id=\"19e674e\" data-element_type=\"widget\" data-widget_type=\"image.default\">\n\t\t\t\t<div class=\"elementor-widget-container\">\n\t\t\t\t\t\t\t\t<div class=\"elementor-image\">\n\t\t\t\t\t\t\t\t\t\t\t\t<img decoding=\"async\" src=\"https:\/\/imunova.actionlabs.com.br\/wp-content\/uploads\/elementor\/thumbs\/retangulo-02-q2n49hy4q9uy18rinxf7xd450td3gm434kld4s6ozk.png\" title=\"retangulo-02\" alt=\"retangulo-02\" loading=\"lazy\" \/>\t\t\t\t\t\t\t\t\t\t\t\t\t\t<\/div>\n\t\t\t\t\t\t<\/div>\n\t\t\t\t<\/div>\n\t\t\t\t<div class=\"elementor-element elementor-element-47df2bc elementor-widget elementor-widget-heading\" data-id=\"47df2bc\" data-element_type=\"widget\" data-widget_type=\"heading.default\">\n\t\t\t\t<div class=\"elementor-widget-container\">\n\t\t\t<h2 class=\"elementor-heading-title elementor-size-default\">Vis\u00e3o<\/h2>\t\t<\/div>\n\t\t\t\t<\/div>\n\t\t\t\t<div class=\"elementor-element elementor-element-15a5d54 elementor-widget elementor-widget-text-editor\" data-id=\"15a5d54\" data-element_type=\"widget\" data-widget_type=\"text-editor.default\">\n\t\t\t\t<div class=\"elementor-widget-container\">\n\t\t\t\t\t\t\t\t<div class=\"elementor-text-editor elementor-clearfix\">\n\t\t\t\t<p>\u201cDestacar-se como um marco de pioneirismo no desenvolvimento e implanta\u00e7\u00e3o de novas tecnologias que impulsionem a expans\u00e3o do agroneg\u00f3cio brasileiro\u201d<\/p>\n<p>A Imunova visa contribuir com o avan\u00e7o da avicultura, suinocultura e bovinocultura no pa\u00eds. Uma das grandes demandas deste mercado \u00e9 a possibilidade de introduzir novos produtos que contribuam com a produ\u00e7\u00e3o de prote\u00edna animal, com o proposito de trazer melhorias \u00e0 sa\u00fade e desempenho al\u00e9m de tecnologias para garantir a sanidade dos produtos finais. A presta\u00e7\u00e3o de um servi\u00e7o de qualidade e a experi\u00eancia adquirida pelos membros executores possibilita o desenvolvimento de todas estas compet\u00eancias atrav\u00e9s da introdu\u00e7\u00e3o de t\u00e9cnicas inovadoras e melhoria de produtos j\u00e1 utilizados no setor.<\/p>\t\t\t\t\t<\/div>\n\t\t\t\t\t\t<\/div>\n\t\t\t\t<\/div>\n\t\t\t\t\t\t<\/div>\n\t\t\t\t\t<\/div>\n\t\t<\/div>\n\t\t\t\t\t\t\t\t<\/div>\n\t\t\t\t\t<\/div>\n\t\t<\/section>\n\t\t\t\t<section class=\"elementor-section elementor-inner-section elementor-element elementor-element-98c0805 elementor-section-boxed elementor-section-height-default elementor-section-height-default\" data-id=\"98c0805\" data-element_type=\"section\">\n\t\t\t\t\t\t<div class=\"elementor-container elementor-column-gap-wide\">\n\t\t\t\t\t\t\t<div class=\"elementor-row\">\n\t\t\t\t\t<div class=\"elementor-column elementor-col-100 elementor-inner-column elementor-element elementor-element-554dc08\" data-id=\"554dc08\" data-element_type=\"column\">\n\t\t\t<div class=\"elementor-column-wrap elementor-element-populated\">\n\t\t\t\t\t\t\t<div class=\"elementor-widget-wrap\">\n\t\t\t\t\t\t<div class=\"elementor-element elementor-element-dc0e722 elementor-widget elementor-widget-image\" data-id=\"dc0e722\" data-element_type=\"widget\" data-widget_type=\"image.default\">\n\t\t\t\t<div class=\"elementor-widget-container\">\n\t\t\t\t\t\t\t\t<div class=\"elementor-image\">\n\t\t\t\t\t\t\t\t\t\t\t\t<img decoding=\"async\" src=\"https:\/\/imunova.actionlabs.com.br\/wp-content\/uploads\/elementor\/thumbs\/retangulo-02-q2n49hy4q9uy18rinxf7xd450td3gm434kld4s6ozk.png\" title=\"retangulo-02\" alt=\"retangulo-02\" loading=\"lazy\" \/>\t\t\t\t\t\t\t\t\t\t\t\t\t\t<\/div>\n\t\t\t\t\t\t<\/div>\n\t\t\t\t<\/div>\n\t\t\t\t<div class=\"elementor-element elementor-element-8d00f00 elementor-widget elementor-widget-heading\" data-id=\"8d00f00\" data-element_type=\"widget\" data-widget_type=\"heading.default\">\n\t\t\t\t<div class=\"elementor-widget-container\">\n\t\t\t<h2 class=\"elementor-heading-title elementor-size-default\">Valores<\/h2>\t\t<\/div>\n\t\t\t\t<\/div>\n\t\t\t\t<div class=\"elementor-element elementor-element-e8a9c57 elementor-widget elementor-widget-text-editor\" data-id=\"e8a9c57\" data-element_type=\"widget\" data-widget_type=\"text-editor.default\">\n\t\t\t\t<div class=\"elementor-widget-container\">\n\t\t\t\t\t\t\t\t<div class=\"elementor-text-editor elementor-clearfix\">\n\t\t\t\t<ul>\n<li>\u00c9tica;<\/li>\n<li>Rigor cient\u00edfico;<\/li>\n<li>Respeito aos colaboradores e parceiros\/clientes.<\/li>\n<\/ul>\t\t\t\t\t<\/div>\n\t\t\t\t\t\t<\/div>\n\t\t\t\t<\/div>\n\t\t\t\t\t\t<\/div>\n\t\t\t\t\t<\/div>\n\t\t<\/div>\n\t\t\t\t\t\t\t\t<\/div>\n\t\t\t\t\t<\/div>\n\t\t<\/section>\n\t\t\t\t\t\t<\/div>\n\t\t\t\t\t<\/div>\n\t\t<\/div>\n\t\t\t\t\t\t\t\t<\/div>\n\t\t\t\t\t<\/div>\n\t\t<\/section>\n\t\t\t\t\t\t\t\t\t<\/div>\n\t\t\t<\/div>\n\t\t\t\t\t<\/div>","protected":false},"excerpt":{"rendered":"<p>Imunologia e inova\u00e7\u00e3o: desses dois conceitos nasceu a Imunova An\u00e1lises Biol\u00f3gicas, com o prop\u00f3sito de oferecer solu\u00e7\u00f5es biotecnol\u00f3gicas em insumos e t\u00e9cnicas de ponta para pesquisa e diagn\u00f3stico animal. A empresa foi planejada por ex-alunos de mestrado e professores da Universidade Federal do Paran\u00e1 como uma forma de prestar para a agroind\u00fastria os servi\u00e7os que &#8230; <a title=\"Sobre a Imunova\" class=\"read-more\" href=\"https:\/\/imunova.actionlabs.com.br\/en\/sobre-a-imunova\/\" aria-label=\"More on Sobre a Imunova\">Read more<\/a><\/p>","protected":false},"author":1,"featured_media":0,"parent":0,"menu_order":0,"comment_status":"closed","ping_status":"closed","template":"elementor_header_footer","meta":[],"yoast_head":"<!-- This site is optimized with the Yoast SEO plugin v15.5 - https:\/\/yoast.com\/wordpress\/plugins\/seo\/ -->\n<title>Sobre a Imunova - Imunova<\/title>\n<meta name=\"robots\" content=\"noindex, follow, max-snippet:-1, max-image-preview:large, max-video-preview:-1\" \/>\n<meta property=\"og:locale\" content=\"en_US\" \/>\n<meta property=\"og:type\" content=\"article\" \/>\n<meta property=\"og:title\" content=\"Sobre a Imunova - Imunova\" \/>\n<meta property=\"og:description\" content=\"Imunologia e inova\u00e7\u00e3o: desses dois conceitos nasceu a Imunova An\u00e1lises Biol\u00f3gicas, com o prop\u00f3sito de oferecer solu\u00e7\u00f5es biotecnol\u00f3gicas em insumos e t\u00e9cnicas de ponta para pesquisa e diagn\u00f3stico animal. A empresa foi planejada por ex-alunos de mestrado e professores da Universidade Federal do Paran\u00e1 como uma forma de prestar para a agroind\u00fastria os servi\u00e7os que ... Read more\" \/>\n<meta property=\"og:url\" content=\"https:\/\/imunova.actionlabs.com.br\/en\/sobre-a-imunova\/\" \/>\n<meta property=\"og:site_name\" content=\"Imunova\" \/>\n<meta property=\"article:modified_time\" content=\"2023-04-11T17:56:47+00:00\" \/>\n<meta property=\"og:image\" content=\"https:\/\/imunova.actionlabs.com.br\/wp-content\/uploads\/2023\/03\/tecnoparque-imunova.png\" \/>\n<meta name=\"twitter:card\" content=\"summary_large_image\" \/>\n<meta name=\"twitter:label1\" content=\"Est. reading time\">\n\t<meta name=\"twitter:data1\" content=\"2 minutes\">\n<script type=\"application\/ld+json\" class=\"yoast-schema-graph\">{\"@context\":\"https:\/\/schema.org\",\"@graph\":[{\"@type\":\"WebSite\",\"@id\":\"https:\/\/imunova.actionlabs.com.br\/#website\",\"url\":\"https:\/\/imunova.actionlabs.com.br\/\",\"name\":\"Imunova\",\"description\":\"Solu\\u00e7\\u00f5es biotecnol\\u00f3gicas em produtos e diagn\\u00f3stico\",\"potentialAction\":[{\"@type\":\"SearchAction\",\"target\":\"https:\/\/imunova.actionlabs.com.br\/?s={search_term_string}\",\"query-input\":\"required name=search_term_string\"}],\"inLanguage\":\"en-US\"},{\"@type\":\"ImageObject\",\"@id\":\"https:\/\/imunova.actionlabs.com.br\/sobre-a-imunova\/#primaryimage\",\"inLanguage\":\"en-US\",\"url\":\"https:\/\/imunova.actionlabs.com.br\/wp-content\/uploads\/2023\/03\/tecnoparque-imunova.png\",\"width\":800,\"height\":369},{\"@type\":\"WebPage\",\"@id\":\"https:\/\/imunova.actionlabs.com.br\/sobre-a-imunova\/#webpage\",\"url\":\"https:\/\/imunova.actionlabs.com.br\/sobre-a-imunova\/\",\"name\":\"Sobre a Imunova - Imunova\",\"isPartOf\":{\"@id\":\"https:\/\/imunova.actionlabs.com.br\/#website\"},\"primaryImageOfPage\":{\"@id\":\"https:\/\/imunova.actionlabs.com.br\/sobre-a-imunova\/#primaryimage\"},\"datePublished\":\"2023-03-27T18:25:37+00:00\",\"dateModified\":\"2023-04-11T17:56:47+00:00\",\"inLanguage\":\"en-US\",\"potentialAction\":[{\"@type\":\"ReadAction\",\"target\":[\"https:\/\/imunova.actionlabs.com.br\/sobre-a-imunova\/\"]}]}]}<\/script>\n<!-- \/ Yoast SEO plugin. -->","_links":{"self":[{"href":"https:\/\/imunova.actionlabs.com.br\/en\/wp-json\/wp\/v2\/pages\/361"}],"collection":[{"href":"https:\/\/imunova.actionlabs.com.br\/en\/wp-json\/wp\/v2\/pages"}],"about":[{"href":"https:\/\/imunova.actionlabs.com.br\/en\/wp-json\/wp\/v2\/types\/page"}],"author":[{"embeddable":true,"href":"https:\/\/imunova.actionlabs.com.br\/en\/wp-json\/wp\/v2\/users\/1"}],"replies":[{"embeddable":true,"href":"https:\/\/imunova.actionlabs.com.br\/en\/wp-json\/wp\/v2\/comments?post=361"}],"version-history":[{"count":31,"href":"https:\/\/imunova.actionlabs.com.br\/en\/wp-json\/wp\/v2\/pages\/361\/revisions"}],"predecessor-version":[{"id":687,"href":"https:\/\/imunova.actionlabs.com.br\/en\/wp-json\/wp\/v2\/pages\/361\/revisions\/687"}],"wp:attachment":[{"href":"https:\/\/imunova.actionlabs.com.br\/en\/wp-json\/wp\/v2\/media?parent=361"}],"curies":[{"name":"wp","href":"https:\/\/api.w.org\/{rel}","templated":true}]}}